{"id":46,"date":"2020-07-02T10:06:59","date_gmt":"2020-07-02T08:06:59","guid":{"rendered":"http:\/\/gok.dwikozy.gmina.pl\/?page_id=46"},"modified":"2020-09-29T09:10:03","modified_gmt":"2020-09-29T07:10:03","slug":"ochrona-danych-osobowych","status":"publish","type":"page","link":"http:\/\/gok.dwikozy.gmina.pl\/?page_id=46","title":{"rendered":"Dane osobowe"},"content":{"rendered":"<div class=\"entry-content\">\n<p style=\"text-align: center;\"><strong>Zasady przetwarzania danych osobowych i informacja o plikach cookie<\/strong><\/p>\n<p class=\"has-text-align-center\"><strong>KLAUZULA INFORMACYJNA<br \/>\nGMINNY O\u015aRODEK KULTURY W DWIKOZACH<\/strong><\/p>\n<p><strong>1. To\u017csamo\u015b\u0107 administratora i dane kontaktowe<\/strong><\/p>\n<p>Administratorem Pani\/Pana danych osobowych jest Gminny O\u015brodek Kultury w Dwikozach, ul. Sp\u00f3\u0142dzielcza 15,<br \/>\n27-620 Dwikozy.<\/p>\n<p><strong>2. Dane kontaktowe Inspektora Ochrony Danych<\/strong><\/p>\n<p>Administrator wyznaczy\u0142 Inspektora Ochrony Danych, mo\u017cna si\u0119 z nim skontaktowa\u0107 za po\u015brednictwem telefonu, poczty elektronicznej lub poczty tradycyjnej:<\/p>\n<p>Kraso\u0144 Kamil<\/p>\n<p>tel.: (15) 831 18 15<\/p>\n<p>e-mail: iod@dwikozy.gmina.pl<\/p>\n<p>adres: Gminny O\u015brodek Kultury w Dwikozach, ul. Sp\u00f3\u0142dzielcza 15, 27-620 Dwikozy<\/p>\n<p><strong>3. Cel przetwarzania i podstawa prawna<\/strong><\/p>\n<p>Przetwarzanie danych jest niezb\u0119dne w celu realizowania uprawnie\u0144 oraz spe\u0142niania obowi\u0105zk\u00f3w wynikaj\u0105cych w\u00a0szczeg\u00f3lno\u015bci z ustawy z dnia 25.10.1991r o organizowaniu i prowadzeniu dzia\u0142alno\u015bci kulturalnej. Pani\/ Pana dane osobowe przetwarzane b\u0119d\u0105 r\u00f3wnie\u017c w zwi\u0105zku z wykonaniem umowy zawartej z GOK Dwikozy lub udzia\u0142u<br \/>\nw konkursach i turniejach organizowanych przez GOK Dwikozy.<\/p>\n<p>Podstaw\u0105 prawn\u0105 przetwarzania danych osobowych jest:<\/p>\n<p>a) fakt, \u017ce przetwarzanie jest niezb\u0119dne do wype\u0142nienia obowi\u0105zku prawnego ci\u0105\u017c\u0105cego na administratorze. (art.<br \/>\n6 ust.1 lit. c RODO)<\/p>\n<p>b) zgoda na przetwarzanie danych osobowych (art. 6 ust.1 lit. a RODO)<\/p>\n<p><strong>4. Informacje o przekazywaniu danych do pa\u0144stwa trzeciego<\/strong><\/p>\n<p>Dane osobowe nie b\u0119d\u0105 przekazywane do pa\u0144stw trzecich.<\/p>\n<p><strong>5. Odbiorcy danych lub kategorie odbiorc\u00f3w<\/strong><\/p>\n<p>\u2013 Urz\u0105d Gminy Dwikozy,<\/p>\n<p>\u2013 dostawcy system\u00f3w informatycznych i us\u0142ug IT na rzecz GOK Dwikozy,<\/p>\n<p>\u2013 operatorzy pocztowi i kurierzy,<\/p>\n<p>\u2013 inne organy uprawnione na podstawie przepis\u00f3w prawa do otrzymania danych osobowych.<\/p>\n<p><strong>6. Okres przechowywania danych, a gdy nie jest to mo\u017cliwe kryterium ustalania tego okresu<\/strong><\/p>\n<p>Pa\u0144stwa dane osobowe b\u0119d\u0105 przetwarzane przez okres niezb\u0119dny do realizacji naszych cel\u00f3w przetwarzania. Pomimo zako\u0144czenia realizacji celu przetwarzania, dane mog\u0105 by\u0107 dalej przechowywane, je\u017celi istnieje obowi\u0105zek ich archiwizacji z mocy prawa, lecz nie d\u0142u\u017cej ni\u017c przez wymagany prawem okres. Je\u017celi dane s\u0105 przetwarzane na podstawie udzielonej zgody, to ich przechowywanie zako\u0144czy si\u0119 po cofni\u0119ciu zgody na przetwarzanie danych osobowych lub po zrealizowaniu celu przetwarzania.<\/p>\n<p><strong>7. Informacje o prawach os\u00f3b, kt\u00f3rych dane dotycz\u0105<\/strong><\/p>\n<p>Ma Pan\/Pani prawo:<\/p>\n<p>\u2013 dost\u0119pu do swoich danych osobowych,<\/p>\n<p>\u2013 sprostowania nieprawid\u0142owych danych,<\/p>\n<p>\u2013 \u017c\u0105dania usuni\u0119cia danych,<\/p>\n<p>\u2013 \u017c\u0105dania ograniczenia przetwarzania danych,<\/p>\n<p>\u2013 wniesienia sprzeciwu wobec przetwarzania danych,<\/p>\n<p>\u2013 przenoszenia dostarczonych danych na zasadach przewidzianych w art. 20 RODO.<\/p>\n<p><strong>8. Informacje o prawie do cofni\u0119cia zgody<\/strong><\/p>\n<p>Udzielona zgoda mo\u017ce zosta\u0107 wycofana przez Pani\u0105\/Pana w dowolnym momencie \u2013 dotyczy wy\u0142\u0105cznie danych przetwarzanych na podstawie zgody.<\/p>\n<p><strong>9. Informacje o prawie do wniesienia skargi do organu nadzorczego<\/strong><\/p>\n<p>Ma Pan\/Pani prawo z\u0142o\u017cenia skargi na niezgodne z prawem przetwarzanie danych osobowych do Prezesa Urz\u0119du Ochrony Danych Osobowych, ul. Stawki 2, 00-193 Warszawa.<\/p>\n<p><strong>10. Informacje o obowi\u0105zku lub dobrowolno\u015bci podania danych i konsekwencjach niepodania danych<\/strong><\/p>\n<p>W sytuacji, gdy przetwarzanie danych osobowych odbywa si\u0119 na podstawie wyra\u017conej zgody osoby, kt\u00f3rej dane dotycz\u0105, podanie danych osobowych Administratorowi ma charakter dobrowolny.<\/p>\n<p>Podanie danych osobowych jest wymogiem koniecznym, w sytuacji gdy przes\u0142ank\u0119 przetwarzania danych osobowych stanowi przepis prawa lub jest niezb\u0119dne dla zawarcia z Pa\u0144stwem umowy lub wzi\u0119cia udzia\u0142u w konkursach<br \/>\ni turniejach organizowanych przez GOK Dwikozy.<\/p>\n<p><strong>11. Informacje o zautomatyzowanym przetwarzaniu danych<\/strong><\/p>\n<p>Dane osobowe nie podlegaj\u0105 profilowaniu ani zautomatyzowanemu podejmowaniu decyzji.<\/p>\n<p style=\"text-align: center;\">*************************************************<\/p>\n<h3 align=\"center\">Polityka plik\u00f3w Cookie<\/h3>\n<p><b>Czym s\u0105 pliki Cookie<\/b><br \/>\nCiasteczka (ang. cookies) to niewielkie pliki, zapisywane i przechowywane na twoim komputerze, tablecie lub smartphonie podczas gdy odwiedzasz r\u00f3\u017cne strony w internecie. Ciasteczko zazwyczaj zawiera nazw\u0119 strony internetowej, z kt\u00f3rej pochodzi, \u201ed\u0142ugo\u015b\u0107 \u017cycia\u201d ciasteczka (to znaczy czas jego istnienia), oraz przypadkowo wygenerowany unikalny numer s\u0142u\u017c\u0105cy do identyfikacji przegl\u0105darki, z jakiej nast\u0119puje po\u0142\u0105czenie ze stron\u0105 internetow\u0105.<\/p>\n<p><b>Polityka plik\u00f3w Cookie<\/b><\/p>\n<p>1. W zwi\u0105zku z udost\u0119pnianiem zawarto\u015bci serwisu internetowego www.gok.dwikozy.gmina.pl administrator nie wyklucza stosowania tzw. cookies, tj. informacji zapisywanych przez serwery na urz\u0105dzeniu ko\u0144cowym u\u017cytkownika, kt\u00f3re serwery mog\u0105 odczyta\u0107 przy ka\u017cdorazowym po\u0142\u0105czeniu si\u0119 z tego urz\u0105dzenia ko\u0144cowego, mo\u017ce tak\u017ce u\u017cywa\u0107 innych technologii o funkcjach podobnych lub to\u017csamych z cookies. Pliki cookies (tzw. \u201eciasteczka\u201d) stanowi\u0105 dane informatyczne, w szczeg\u00f3lno\u015bci pliki tekstowe, kt\u00f3re przechowywane s\u0105 w urz\u0105dzeniu ko\u0144cowym u\u017cytkownika serwisu internetowego www.gok.dwikozy.gmina.pl. Cookies zazwyczaj zawieraj\u0105 nazw\u0119 domeny serwisu internetowego, z kt\u00f3rego pochodz\u0105, czas przechowywania ich na urz\u0105dzeniu ko\u0144cowym oraz unikalny numer.<\/p>\n<p>2. Pliki cookies wykorzystywane s\u0105 w celu:<\/p>\n<p>dostosowania zawarto\u015bci stron serwisu internetowego do preferencji u\u017cytkownika oraz optymalizacji korzystania ze stron internetowych; w szczeg\u00f3lno\u015bci pliki te pozwalaj\u0105 rozpozna\u0107 urz\u0105dzenie u\u017cytkownika serwisu internetowego i odpowiednio wy\u015bwietli\u0107 stron\u0119 internetow\u0105, dostosowan\u0105 do jego indywidualnych potrzeb, tworzenia statystyk, kt\u00f3re pomagaj\u0105 zrozumie\u0107, w jaki spos\u00f3b u\u017cytkownicy serwisu korzystaj\u0105 ze stron internetowych, co umo\u017cliwia ulepszanie ich struktury i zawarto\u015bci, utrzymania sesji u\u017cytkownika serwisu internetowego (po zalogowaniu), dzi\u0119ki kt\u00f3rej u\u017cytkownik nie musi na ka\u017cdej podstronie serwisu ponownie wpisywa\u0107 loginu i has\u0142a.<\/p>\n<p>3. W ramach serwisu internetowego www.gok.dwikozy.gmina.pl mo\u017cemy stosowa\u0107 nast\u0119puj\u0105ce rodzaje plik\u00f3w cookies:<\/p>\n<p>\u201eniezb\u0119dne\u201d pliki cookies, umo\u017cliwiaj\u0105ce korzystanie z us\u0142ug dost\u0119pnych w ramach serwisu internetowego, np. uwierzytelniaj\u0105ce pliki cookies wykorzystywane do us\u0142ug wymagaj\u0105cych uwierzytelniania w ramach serwisu, pliki cookies s\u0142u\u017c\u0105ce do zapewnienia bezpiecze\u0144stwa, np. wykorzystywane do wykrywania nadu\u017cy\u0107 w zakresie uwierzytelniania w ramach serwisu, pliki cookies, umo\u017cliwiaj\u0105ce zbieranie informacji o sposobie korzystania ze stron internetowych serwisu, \u201efunkcjonalne\u201d pliki cookies, umo\u017cliwiaj\u0105ce \u201ezapami\u0119tanie\u201d wybranych przez u\u017cytkownika ustawie\u0144 i personalizacj\u0119 interfejsu u\u017cytkownika, np. w zakresie wybranego j\u0119zyka lub regionu, z kt\u00f3rego pochodzi u\u017cytkownik, rozmiaru czcionki, wygl\u0105du strony internetowej itp., \u201ereklamowe\u201d pliki cookies, umo\u017cliwiaj\u0105ce dostarczanie u\u017cytkownikom tre\u015bci reklamowych bardziej dostosowanych do ich zainteresowa\u0144.<\/p>\n<p>4. W wielu przypadkach oprogramowanie s\u0142u\u017c\u0105ce do przegl\u0105dania stron internetowych (przegl\u0105darka internetowa) domy\u015blnie dopuszcza przechowywanie plik\u00f3w cookies w urz\u0105dzeniu ko\u0144cowym u\u017cytkownika. U\u017cytkownicy serwisu mog\u0105 dokona\u0107 w ka\u017cdym czasie zmiany ustawie\u0144 dotycz\u0105cych plik\u00f3w cookies. Ustawienia te mog\u0105 zosta\u0107 zmienione w szczeg\u00f3lno\u015bci w taki spos\u00f3b, aby blokowa\u0107 automatyczn\u0105 obs\u0142ug\u0119 plik\u00f3w cookies w ustawieniach przegl\u0105darki internetowej b\u0105d\u017a informowa\u0107 o ich ka\u017cdorazowym zamieszczeniu w urz\u0105dzeniu u\u017cytkownika serwisu internetowego. Szczeg\u00f3\u0142owe informacje o mo\u017cliwo\u015bci i sposobach obs\u0142ugi plik\u00f3w cookies dost\u0119pne s\u0105 w ustawieniach oprogramowania (przegl\u0105darki internetowej). Niedokonanie zmiany ustawie\u0144 w zakresie cookies oznacza, \u017ce b\u0119d\u0105 one zamieszczone w urz\u0105dzeniu ko\u0144cowym u\u017cytkownika, a tym samym b\u0119dziemy przechowywa\u0107 informacje w urz\u0105dzeniu ko\u0144cowym u\u017cytkownika i uzyskiwa\u0107 dost\u0119p do tych informacji.<\/p>\n<p>5. Wy\u0142\u0105czenie stosowania cookies mo\u017ce spowodowa\u0107 utrudnienia korzystanie z niekt\u00f3rych us\u0142ug w ramach naszych serwis\u00f3w internetowych, w szczeg\u00f3lno\u015bci wymagaj\u0105cych logowania. Wy\u0142\u0105czenie opcji przyjmowania cookies nie powoduje natomiast braku mo\u017cliwo\u015bci czytania lub ogl\u0105dania tre\u015bci zamieszczanych w serwisie internetowym www.gok.dwikozy.gmina.pl z zastrze\u017ceniem tych, do kt\u00f3rych dost\u0119p wymaga logowania.<\/p>\n<p>6. Pliki cookies mog\u0105 by\u0107 zamieszczane w urz\u0105dzeniu ko\u0144cowym u\u017cytkownika serwisu internetowego www.gok.dwikozy.gmina.pl a nast\u0119pnie wykorzystywane przez wsp\u00f3\u0142pracuj\u0105cych z serwisem reklamodawc\u00f3w, firmy badawcze oraz dostawc\u00f3w aplikacji multimedialnych.<\/p>\n<p><b>Jak wy\u0142\u0105czy\u0107 pliki cookie w przegl\u0105darce ?<\/b><br \/>\n<a href=\"http:\/\/help.opera.com\/Windows\/12.10\/pl\/cookies.html\" target=\"NEW\" rel=\"noopener noreferrer\">Opera<\/a><br \/>\n<a href=\"http:\/\/support.mozilla.org\/pl\/kb\/W%C5%82%C4%85czanie%20i%20wy%C5%82%C4%85czanie%20obs%C5%82ugi%20ciasteczek\" target=\"NEW\" rel=\"noopener noreferrer\">Firefox<\/a><br \/>\n<a href=\"http:\/\/support.google.com\/chrome\/bin\/answer.py?hl=pl&amp;answer=95647\" target=\"NEW\" rel=\"noopener noreferrer\">Chrome<\/a><br \/>\n<a href=\"http:\/\/windows.microsoft.com\/pl-pl\/windows7\/block-enable-or-allow-cookies\" target=\"NEW\" rel=\"noopener noreferrer\">Internet Explorer<\/a><br \/>\n<a href=\"http:\/\/support.apple.com\/kb\/PH5042\" target=\"NEW\" rel=\"noopener noreferrer\">Safari<\/a><\/p>\n<\/div>\n","protected":false},"excerpt":{"rendered":"<p>Zasady przetwarzania danych osobowych i informacja o plikach cookie KLAUZULA INFORMACYJNA GMINNY O\u015aRODEK KULTURY W DWIKOZACH 1. To\u017csamo\u015b\u0107 administratora i dane kontaktowe Administratorem Pani\/Pana danych osobowych jest Gminny O\u015brodek Kultury &#8230;<\/p>\n","protected":false},"author":1,"featured_media":0,"parent":0,"menu_order":0,"comment_status":"closed","ping_status":"closed","template":"","meta":{"footnotes":""},"class_list":["post-46","page","type-page","status-publish","hentry"],"_links":{"self":[{"href":"http:\/\/gok.dwikozy.gmina.pl\/index.php?rest_route=\/wp\/v2\/pages\/46","targetHints":{"allow":["GET"]}}],"collection":[{"href":"http:\/\/gok.dwikozy.gmina.pl\/index.php?rest_route=\/wp\/v2\/pages"}],"about":[{"href":"http:\/\/gok.dwikozy.gmina.pl\/index.php?rest_route=\/wp\/v2\/types\/page"}],"author":[{"embeddable":true,"href":"http:\/\/gok.dwikozy.gmina.pl\/index.php?rest_route=\/wp\/v2\/users\/1"}],"replies":[{"embeddable":true,"href":"http:\/\/gok.dwikozy.gmina.pl\/index.php?rest_route=%2Fwp%2Fv2%2Fcomments&post=46"}],"version-history":[{"count":9,"href":"http:\/\/gok.dwikozy.gmina.pl\/index.php?rest_route=\/wp\/v2\/pages\/46\/revisions"}],"predecessor-version":[{"id":266,"href":"http:\/\/gok.dwikozy.gmina.pl\/index.php?rest_route=\/wp\/v2\/pages\/46\/revisions\/266"}],"wp:attachment":[{"href":"http:\/\/gok.dwikozy.gmina.pl\/index.php?rest_route=%2Fwp%2Fv2%2Fmedia&parent=46"}],"curies":[{"name":"wp","href":"https:\/\/api.w.org\/{rel}","templated":true}]}}